{"id":531,"date":"2025-10-29T18:05:20","date_gmt":"2025-10-29T18:05:20","guid":{"rendered":"https:\/\/rbrd.ibict.br\/?page_id=531"},"modified":"2025-10-29T18:05:20","modified_gmt":"2025-10-29T18:05:20","slug":"como-fazer-parte-da-rbrd","status":"publish","type":"page","link":"https:\/\/rbrd.ibict.br\/?page_id=531","title":{"rendered":"Como fazer parte da RBRD?"},"content":{"rendered":"\n<p>A Rede Brasileira de Reposit\u00f3rios Digitais (RBRD) \u00e9 constitu\u00edda por institui\u00e7\u00f5es de natureza p\u00fablica, privada e de economia mista, com predomin\u00e2ncia de institui\u00e7\u00f5es de ensino e pesquisa.<\/p>\n\n\n\n<p>Para fazer parte da RBRD, a institui\u00e7\u00e3o precisa entrar em contato com a Rede Regional correspondente por e-mail solicitando a ades\u00e3o.<\/p>\n\n\n\n<p>Rede Norte: <a href=\"mailto:rdnorte@ibict.br\">rdnorte@ibict.br<\/a><br>Rede Nordeste: <a href=\"mailto:rdnordeste@ibict.br\">rdnordeste@ibict.br<\/a><br>Rede Centro-Oeste: <a href=\"mailto:rdcentooeste@ibict.br\">rdcentooeste@ibict.br<\/a><br>Rede Sul: <a href=\"mailto:rdsul@ibict.br\">rdsul@ibict.br<\/a><br>Rede Sudeste: <a href=\"mailto:rdsudeste@ibict.br\">rdsudeste@ibict.br<\/a><\/p>\n\n\n\n<p><\/p>\n","protected":false},"excerpt":{"rendered":"<p>A Rede Brasileira de Reposit\u00f3rios Digitais (RBRD) \u00e9 constitu\u00edda por institui\u00e7\u00f5es de natureza p\u00fablica, privada e de economia mista, com predomin\u00e2ncia de institui\u00e7\u00f5es de ensino e pesquisa. Para fazer parte da RBRD, a institui\u00e7\u00e3o precisa entrar em contato com a Rede Regional correspondente por e-mail solicitando a ades\u00e3o. Rede Norte: rdnorte@ibict.brRede Nordeste: rdnordeste@ibict.brRede Centro-Oeste: rdcentooeste@ibict.brRede [&hellip;]<\/p>\n","protected":false},"author":7,"featured_media":0,"parent":0,"menu_order":0,"comment_status":"closed","ping_status":"closed","template":"","meta":{"_acf_changed":false,"footnotes":""},"class_list":["post-531","page","type-page","status-publish","hentry"],"acf":[],"_links":{"self":[{"href":"https:\/\/rbrd.ibict.br\/index.php?rest_route=\/wp\/v2\/pages\/531","targetHints":{"allow":["GET"]}}],"collection":[{"href":"https:\/\/rbrd.ibict.br\/index.php?rest_route=\/wp\/v2\/pages"}],"about":[{"href":"https:\/\/rbrd.ibict.br\/index.php?rest_route=\/wp\/v2\/types\/page"}],"author":[{"embeddable":true,"href":"https:\/\/rbrd.ibict.br\/index.php?rest_route=\/wp\/v2\/users\/7"}],"replies":[{"embeddable":true,"href":"https:\/\/rbrd.ibict.br\/index.php?rest_route=%2Fwp%2Fv2%2Fcomments&post=531"}],"version-history":[{"count":1,"href":"https:\/\/rbrd.ibict.br\/index.php?rest_route=\/wp\/v2\/pages\/531\/revisions"}],"predecessor-version":[{"id":532,"href":"https:\/\/rbrd.ibict.br\/index.php?rest_route=\/wp\/v2\/pages\/531\/revisions\/532"}],"wp:attachment":[{"href":"https:\/\/rbrd.ibict.br\/index.php?rest_route=%2Fwp%2Fv2%2Fmedia&parent=531"}],"curies":[{"name":"wp","href":"https:\/\/api.w.org\/{rel}","templated":true}]}}