{"id":468,"date":"2025-09-30T13:49:35","date_gmt":"2025-09-30T13:49:35","guid":{"rendered":"https:\/\/rbrd.ibict.br\/?page_id=468"},"modified":"2026-05-11T12:47:50","modified_gmt":"2026-05-11T12:47:50","slug":"iv-encontro-da-rede-brasileira-de-repositorios-digitais","status":"publish","type":"page","link":"https:\/\/rbrd.ibict.br\/?page_id=468","title":{"rendered":"IV Encontro da Rede Brasileira de Reposit\u00f3rios Digitais"},"content":{"rendered":"\t\t<div data-elementor-type=\"wp-page\" data-elementor-id=\"468\" class=\"elementor elementor-468\" data-elementor-post-type=\"page\">\n\t\t\t\t<div class=\"elementor-element elementor-element-7b665fdf e-flex e-con-boxed e-con e-parent\" data-id=\"7b665fdf\" data-element_type=\"container\">\n\t\t\t\t\t<div class=\"e-con-inner\">\n\t\t\t\t<div class=\"elementor-element elementor-element-75ce1079 elementor-widget elementor-widget-text-editor\" data-id=\"75ce1079\" data-element_type=\"widget\" data-widget_type=\"text-editor.default\">\n\t\t\t\t\t\t\t\t\t<p><span style=\"font-size: 14.0pt;\">O IV Encontro da Rede Brasileira de Reposit\u00f3rios Digitais (RBRD) ocorrer\u00e1 nos dias 10 e 11 de junho de 2026, em Florian\u00f3polis (SC), organizado pela Biblioteca Universit\u00e1ria da UDESC, a RBRD e o Ibict.<\/span><\/p><p><strong><span style=\"font-size: 14.0pt;\">Principais informa\u00e7\u00f5es:<\/span><\/strong><\/p><p style=\"margin: 0cm; margin-bottom: .0001pt;\"><span style=\"font-size: 14.0pt;\"><strong>Data do evento:<\/strong> 10 e 11 de junho de 2026.<\/span><\/p><p style=\"margin: 0cm; margin-bottom: .0001pt;\"><span style=\"font-size: 14.0pt;\"><strong>Local:<\/strong> Intercity Portofino Florian\u00f3polis &#8211; Hotel e Centro de Eventos <\/span><\/p><p style=\"margin: 0cm; margin-bottom: .0001pt;\"><span style=\"font-size: 14.0pt;\">Ac. \u00e0 Rodovia Jos\u00e9 Carlos Daux, 3270 &#8211; Saco Grande, <\/span><\/p><p style=\"margin: 0cm; margin-bottom: .0001pt;\"><span style=\"font-size: 14.0pt;\">Florian\u00f3polis &#8211; SC, 88032-005<\/span><\/p><p>\u00a0<\/p><p style=\"margin: 0cm; margin-bottom: .0001pt;\"><span style=\"font-size: 14.0pt;\"><b>Prazo de submiss\u00e3o da vers\u00e3o completa do trabalho: 20\/05\/2026<\/b><\/span><\/p><ul><li><span style=\"font-size: 14.0pt;\">enviar em arquivo edit\u00e1vel, com n\u00ba da submiss\u00e3o e t\u00edtulo do trabalho para o e-mail <a href=\"mailto:rdsul@ibict.br\">rdsul@ibict.br<\/a>;<\/span><\/li><li><span style=\"font-size: 14.0pt;\">dever\u00e3o ter entre 10 e 15 p\u00e1ginas.<\/span><\/li><\/ul><p style=\"margin: 0cm; margin-bottom: .0001pt;\"><span style=\"font-size: 18.6667px;\">\u00a0<\/span><\/p><p style=\"margin: 0cm; margin-bottom: .0001pt;\"><span style=\"font-size: 18.6667px;\">As inscri\u00e7\u00f5es para o IV Encontro da Rede Brasileira de Reposit\u00f3rios Digitais (RBRD) est\u00e3o abertas de 7 de abril a 12 de junho de 2026: <a href=\"https:\/\/pergamumweb.com.br\/eventum\/multi\/udesc\/IVERBRD\">https:\/\/pergamumweb.com.br\/eventum\/multi\/udesc\/IVERBRD<\/a><\/span><\/p>\t\t\t\t\t\t\t\t<\/div>\n\t\t\t\t\t<\/div>\n\t\t\t\t<\/div>\n\t\t\t\t<\/div>\n\t\t","protected":false},"excerpt":{"rendered":"<p>O IV Encontro da Rede Brasileira de Reposit\u00f3rios Digitais (RBRD) ocorrer\u00e1 nos dias 10 e 11 de junho de 2026, em Florian\u00f3polis (SC), organizado pela Biblioteca Universit\u00e1ria da UDESC, a RBRD e o Ibict. Principais informa\u00e7\u00f5es: Data do evento: 10 e 11 de junho de 2026. Local: Intercity Portofino Florian\u00f3polis &#8211; Hotel e Centro de [&hellip;]<\/p>\n","protected":false},"author":7,"featured_media":0,"parent":452,"menu_order":0,"comment_status":"closed","ping_status":"closed","template":"","meta":{"_acf_changed":false,"footnotes":""},"class_list":["post-468","page","type-page","status-publish","hentry"],"acf":[],"_links":{"self":[{"href":"https:\/\/rbrd.ibict.br\/index.php?rest_route=\/wp\/v2\/pages\/468","targetHints":{"allow":["GET"]}}],"collection":[{"href":"https:\/\/rbrd.ibict.br\/index.php?rest_route=\/wp\/v2\/pages"}],"about":[{"href":"https:\/\/rbrd.ibict.br\/index.php?rest_route=\/wp\/v2\/types\/page"}],"author":[{"embeddable":true,"href":"https:\/\/rbrd.ibict.br\/index.php?rest_route=\/wp\/v2\/users\/7"}],"replies":[{"embeddable":true,"href":"https:\/\/rbrd.ibict.br\/index.php?rest_route=%2Fwp%2Fv2%2Fcomments&post=468"}],"version-history":[{"count":29,"href":"https:\/\/rbrd.ibict.br\/index.php?rest_route=\/wp\/v2\/pages\/468\/revisions"}],"predecessor-version":[{"id":574,"href":"https:\/\/rbrd.ibict.br\/index.php?rest_route=\/wp\/v2\/pages\/468\/revisions\/574"}],"up":[{"embeddable":true,"href":"https:\/\/rbrd.ibict.br\/index.php?rest_route=\/wp\/v2\/pages\/452"}],"wp:attachment":[{"href":"https:\/\/rbrd.ibict.br\/index.php?rest_route=%2Fwp%2Fv2%2Fmedia&parent=468"}],"curies":[{"name":"wp","href":"https:\/\/api.w.org\/{rel}","templated":true}]}}