{"id":452,"date":"2025-09-30T13:38:35","date_gmt":"2025-09-30T13:38:35","guid":{"rendered":"https:\/\/rbrd.ibict.br\/?page_id=452"},"modified":"2026-05-12T16:44:24","modified_gmt":"2026-05-12T16:44:24","slug":"encontro-da-rede-brasileira-de-repositorios-digitais","status":"publish","type":"page","link":"https:\/\/rbrd.ibict.br\/?page_id=452","title":{"rendered":"Encontro da Rede Brasileira de Reposit\u00f3rios Digitais"},"content":{"rendered":"\t\t<div data-elementor-type=\"wp-page\" data-elementor-id=\"452\" class=\"elementor elementor-452\" data-elementor-post-type=\"page\">\n\t\t\t\t<div class=\"elementor-element elementor-element-5926b97e e-flex e-con-boxed e-con e-parent\" data-id=\"5926b97e\" data-element_type=\"container\">\n\t\t\t\t\t<div class=\"e-con-inner\">\n\t\t\t\t<div class=\"elementor-element elementor-element-5bb2482c elementor-widget elementor-widget-text-editor\" data-id=\"5bb2482c\" data-element_type=\"widget\" data-widget_type=\"text-editor.default\">\n\t\t\t\t\t\t\t\t\t\n<p>O Encontro da Rede Brasileira de Reposit\u00f3rios Digitais (RBRD) \u00e9 um evento nacional organizado pelo Instituto Brasileiro de Informa\u00e7\u00e3o em Ci\u00eancia e Tecnologia (Ibict) em parceria com a Rede Nacional de Ensino e Pesquisa (RNP) e com as Redes Regionais de reposit\u00f3rios digitais.<\/p>\n\n<h2 class=\"wp-block-heading\"><strong>Objetivos\u00a0<\/strong><\/h2>\n\n<ol class=\"wp-block-list\">\n<li>Promover a troca de experi\u00eancias entre institui\u00e7\u00f5es que mant\u00eam reposit\u00f3rios digitais (de publica\u00e7\u00f5es e de dados);<\/li>\n\n<li>Debater temas ligados \u00e0 Ci\u00eancia Aberta, acesso aberto, preserva\u00e7\u00e3o digital, curadoria de dados, certifica\u00e7\u00e3o, sustentabilidade dos reposit\u00f3rios, etc;<\/li>\n\n<li>Fortalecer o trabalho em rede, integrando iniciativas regionais (Norte, Nordeste, Sul, Sudeste e Centro-Oeste) sob coordena\u00e7\u00e3o nacional.<\/li>\n<\/ol>\n\n<h2 class=\"wp-block-heading\"><strong>Hist\u00f3rico<\/strong><\/h2>\n\n<ul class=\"wp-block-list\">\n<li>I Encontro foi realizado nos dias 9, 10 e 11 de agosto de 2022 no formato virtual;<\/li>\n\n<li>II Encontro foi realizado nos dias 1 e 2 de agosto de 2024 no Centro Cultural da Funda\u00e7\u00e3o Get\u00falio Vargas (FGV);<\/li>\n\n<li>III Encontro foi realizado nos dias 3 e 4 de julho de 2025 no Centro Brasileiro de Pesquisas F\u00edsicas (CBPF);<\/li>\n<li>IV Encontro ser\u00e1 realizado nos dias 10 e 11 de junho de 2026 no Intercity Portofino Florian\u00f3polis &#8211; Hotel e Centro de Eventos.\u00a0<\/li>\n<\/ul>\n\t\t\t\t\t\t\t\t<\/div>\n\t\t\t\t\t<\/div>\n\t\t\t\t<\/div>\n\t\t\t\t<\/div>\n\t\t","protected":false},"excerpt":{"rendered":"<p>O Encontro da Rede Brasileira de Reposit\u00f3rios Digitais (RBRD) \u00e9 um evento nacional organizado pelo Instituto Brasileiro de Informa\u00e7\u00e3o em Ci\u00eancia e Tecnologia (Ibict) em parceria com a Rede Nacional de Ensino e Pesquisa (RNP) e com as Redes Regionais de reposit\u00f3rios digitais. Objetivos\u00a0 Hist\u00f3rico<\/p>\n","protected":false},"author":7,"featured_media":0,"parent":0,"menu_order":0,"comment_status":"closed","ping_status":"closed","template":"","meta":{"_acf_changed":false,"footnotes":""},"class_list":["post-452","page","type-page","status-publish","hentry"],"acf":[],"_links":{"self":[{"href":"https:\/\/rbrd.ibict.br\/index.php?rest_route=\/wp\/v2\/pages\/452","targetHints":{"allow":["GET"]}}],"collection":[{"href":"https:\/\/rbrd.ibict.br\/index.php?rest_route=\/wp\/v2\/pages"}],"about":[{"href":"https:\/\/rbrd.ibict.br\/index.php?rest_route=\/wp\/v2\/types\/page"}],"author":[{"embeddable":true,"href":"https:\/\/rbrd.ibict.br\/index.php?rest_route=\/wp\/v2\/users\/7"}],"replies":[{"embeddable":true,"href":"https:\/\/rbrd.ibict.br\/index.php?rest_route=%2Fwp%2Fv2%2Fcomments&post=452"}],"version-history":[{"count":4,"href":"https:\/\/rbrd.ibict.br\/index.php?rest_route=\/wp\/v2\/pages\/452\/revisions"}],"predecessor-version":[{"id":581,"href":"https:\/\/rbrd.ibict.br\/index.php?rest_route=\/wp\/v2\/pages\/452\/revisions\/581"}],"wp:attachment":[{"href":"https:\/\/rbrd.ibict.br\/index.php?rest_route=%2Fwp%2Fv2%2Fmedia&parent=452"}],"curies":[{"name":"wp","href":"https:\/\/api.w.org\/{rel}","templated":true}]}}